{"id":2867,"date":"2018-03-14T15:23:17","date_gmt":"2018-03-14T14:23:17","guid":{"rendered":"http:\/\/www.etto.cz\/stofferwarmung\/erwarmung-von-flussigkeiten\/"},"modified":"2025-06-10T08:38:10","modified_gmt":"2025-06-10T07:38:10","slug":"erwarmung-von-flussigkeiten","status":"publish","type":"page","link":"https:\/\/www.etto.cz\/de\/stofferwarmung\/erwarmung-von-flussigkeiten\/","title":{"rendered":"Erw\u00e4rmung von Fl\u00fcssigkeiten"},"content":{"rendered":"<p style=\"text-align: justify;\">In der Praxis handelt es sich meistens um Erw\u00e4rmung von Wasser und \u00d6len.<\/p>\n<p><strong>Informationen, welche f\u00fcr die Bestimmung der zugef\u00fchrten Leistung der Heizk\u00f6rper n\u00f6tig sind, welche zur Erw\u00e4rmung von Fl\u00fcssigkeiten dienen:<\/strong><\/p>\n<ul style=\"text-align: justify;\">\n<li>Spezifikationen der Fl\u00fcssigkeit.<\/li>\n<li>Menge und ggf. Geschwindigkeit der Fl\u00fcssigkeitsstr\u00f6mung.<\/li>\n<li>Anfangs- und Zieltemperatur.<\/li>\n<li>Informationen in Bezug auf Beh\u00e4lterisolierung und Umgebungstemperatur.<\/li>\n<li>Gew\u00fcnschte Erw\u00e4rmungszeit.<\/li>\n<\/ul>\n<p style=\"text-align: justify;\">Die Fl\u00fcssigkeit muss so genau wie m\u00f6glich spezifiziert werden, sowohl f\u00fcr die Bestimmung einer maximal m\u00f6glichen Oberfl\u00e4chenbelastung des Stabes (W\/cm<sup>2<\/sup>), als auch f\u00fcr die Bestimmung des Materials des Stabmantels. <strong>Bei der Wassererw\u00e4rmung ist es n\u00f6tig zu bestimmen, ob sie bis zum Siedepunkt erw\u00e4rmt wird (z. B. K\u00f6rper f\u00fcr Dampfentwicklung) und den Wassertyp (aus der Wasserleitung, demineralisiert, Wasser mit Zusatz der Waschchemie, Schwimmbeckenchemie, Chemie f\u00fcr Geschirrsp\u00fclmaschinen oder andere Chemie). Im Falle von Wasserl\u00f6sungen soll die L\u00f6sungskonzentration spezifiziert werden. Bei Wasser und Wasserl\u00f6sungen muss in Bezug auf Risiko der Entstehung der galvanischen Korrosion auch Beh\u00e4ltermaterial angef\u00fchrt werden.<\/strong><\/p>\n<p style=\"text-align: justify;\">Bei \u00d6lerw\u00e4rmung muss spezifiziert werden, f\u00fcr welche Betriebstemperaturen es bestimmt ist.<\/p>\n<p style=\"text-align: justify;\">F\u00fcr den Entwurf einer konkreten Form des Heizk\u00f6rpers ist es n\u00f6tig, Abmessungen des Beh\u00e4lters zu kennen und den Raum f\u00fcr den Heizk\u00f6rper, die gew\u00fcnschte L\u00e4nge des nicht heizenden Teiles des K\u00f6rpers, die Stelle f\u00fcr die Befestigung des Heizk\u00f6rpers, den Raum f\u00fcr Klemmenleisten, ggf. weitere einschr\u00e4nkende Faktoren zu definieren.<\/p>\n<p style=\"text-align: justify;\">Falls es m\u00f6glich ist, <strong>wird die Platzierung von K\u00f6rpern an Beh\u00e4lterb\u00f6den bevorzugt.<\/strong><\/p>\n<p style=\"text-align: justify;\">Es soll in Erw\u00e4gung gezogen werden, ob ein Thermostat, eine Thermosicherung oder eine andere Art von Regulierung ein Bestandteil des K\u00f6rpers sein sollte.<\/p>\n<p style=\"text-align: justify;\">Es ist auch wesentlich, die Umgebung und die begrenzenden Faktoren an der Stelle des elektrischen Abschlusses zu definieren (z. B. Vibration, Feuchtigkeit, Risiko mechanischer Besch\u00e4digung, Risiko von Fl\u00fcssigkeitskontamination, Explosionsf\u00e4higkeit der Umgebung usw.).<\/p>\n<p>Die am meisten verwendeten K\u00f6rper f\u00fcr Fl\u00fcssigkeitserw\u00e4rmung k\u00f6nnen Sie in unserem Katalog sehen:<\/p>\n<p><a href=\"http:\/\/www.etto.cz\/wp-content\/uploads\/2017\/06\/katalog_ohrev_kapalin.pdf\" target=\"_blank\" rel=\"noopener\"><img loading=\"lazy\" decoding=\"async\" class=\"alignnone wp-image-3254 size-full\" src=\"http:\/\/www.etto.cz\/wp-content\/uploads\/2018\/05\/pdf-e1527166728716.png\" alt=\"\" width=\"24\" height=\"24\"><\/a> <a href=\"https:\/\/www.etto.cz\/wp-content\/uploads\/2025\/06\/katalog-ohrev-kapalin_10.06.25.pdf\" target=\"_blank\" rel=\"noopener noreferrer\">Katalog der K\u00f6rper f\u00fcr die Erw\u00e4rmung von Fl\u00fcssigkeiten<\/a><\/p>\n","protected":false},"excerpt":{"rendered":"<p>In der Praxis handelt es sich meistens um Erw\u00e4rmung von Wasser und \u00d6len. Informationen, welche f\u00fcr die Bestimmung der zugef\u00fchrten Leistung der Heizk\u00f6rper n\u00f6tig sind, &#8230;<\/p>\n","protected":false},"author":1,"featured_media":0,"parent":2865,"menu_order":0,"comment_status":"open","ping_status":"open","template":"_page-menu.php","meta":{"_acf_changed":false,"ngg_post_thumbnail":0,"footnotes":"","_links_to":"","_links_to_target":""},"class_list":["post-2867","page","type-page","status-publish","hentry"],"acf":[],"yoast_head":"<!-- This site is optimized with the Yoast SEO plugin v27.3 - https:\/\/yoast.com\/product\/yoast-seo-wordpress\/ -->\n<title>Heizelemente f\u00fcr Fl\u00fcssigkeiten | ELEKTRON-ETTO<\/title>\n<meta name=\"description\" content=\"Tauchsieder und Rohrheizelemente f\u00fcr Fl\u00fcssigkeitserw\u00e4rmung. Wasser, \u00d6l und Prozessfl\u00fcssigkeiten. Europ\u00e4ischer Hersteller ELEKTRON-ETTO.\" \/>\n<meta name=\"robots\" content=\"index, follow, max-snippet:-1, max-image-preview:large, max-video-preview:-1\" \/>\n<link rel=\"canonical\" href=\"https:\/\/www.etto.cz\/de\/stofferwarmung\/erwarmung-von-flussigkeiten\/\" \/>\n<meta property=\"og:locale\" content=\"de_DE\" \/>\n<meta property=\"og:type\" content=\"article\" \/>\n<meta property=\"og:title\" content=\"Heizelemente f\u00fcr Fl\u00fcssigkeiten | ELEKTRON-ETTO\" \/>\n<meta property=\"og:description\" content=\"Tauchsieder und Rohrheizelemente f\u00fcr Fl\u00fcssigkeitserw\u00e4rmung. Wasser, \u00d6l und Prozessfl\u00fcssigkeiten. Europ\u00e4ischer Hersteller ELEKTRON-ETTO.\" \/>\n<meta property=\"og:url\" content=\"https:\/\/www.etto.cz\/de\/stofferwarmung\/erwarmung-von-flussigkeiten\/\" \/>\n<meta property=\"og:site_name\" content=\"ETTO\" \/>\n<meta property=\"article:modified_time\" content=\"2025-06-10T07:38:10+00:00\" \/>\n<meta property=\"og:image\" content=\"https:\/\/www.etto.cz\/wp-content\/uploads\/2018\/05\/pdf-e1527166728716.png\" \/>\n\t<meta property=\"og:image:width\" content=\"24\" \/>\n\t<meta property=\"og:image:height\" content=\"24\" \/>\n\t<meta property=\"og:image:type\" content=\"image\/png\" \/>\n<meta name=\"twitter:card\" content=\"summary_large_image\" \/>\n<meta name=\"twitter:label1\" content=\"Gesch\u00e4tzte Lesezeit\" \/>\n\t<meta name=\"twitter:data1\" content=\"2\u00a0Minuten\" \/>\n<script type=\"application\/ld+json\" class=\"yoast-schema-graph\">{\"@context\":\"https:\\\/\\\/schema.org\",\"@graph\":[{\"@type\":\"WebPage\",\"@id\":\"https:\\\/\\\/www.etto.cz\\\/ohrev-latek\\\/ohrev-kapalin\\\/\",\"url\":\"https:\\\/\\\/www.etto.cz\\\/ohrev-latek\\\/ohrev-kapalin\\\/\",\"name\":\"Heizelemente f\u00fcr Fl\u00fcssigkeiten | ELEKTRON-ETTO\",\"isPartOf\":{\"@id\":\"https:\\\/\\\/www.etto.cz\\\/#website\"},\"primaryImageOfPage\":{\"@id\":\"https:\\\/\\\/www.etto.cz\\\/ohrev-latek\\\/ohrev-kapalin\\\/#primaryimage\"},\"image\":{\"@id\":\"https:\\\/\\\/www.etto.cz\\\/ohrev-latek\\\/ohrev-kapalin\\\/#primaryimage\"},\"thumbnailUrl\":\"http:\\\/\\\/www.etto.cz\\\/wp-content\\\/uploads\\\/2018\\\/05\\\/pdf-e1527166728716.png\",\"datePublished\":\"2018-03-14T14:23:17+00:00\",\"dateModified\":\"2025-06-10T07:38:10+00:00\",\"description\":\"Tauchsieder und Rohrheizelemente f\u00fcr Fl\u00fcssigkeitserw\u00e4rmung. Wasser, \u00d6l und Prozessfl\u00fcssigkeiten. Europ\u00e4ischer Hersteller ELEKTRON-ETTO.\",\"breadcrumb\":{\"@id\":\"https:\\\/\\\/www.etto.cz\\\/ohrev-latek\\\/ohrev-kapalin\\\/#breadcrumb\"},\"inLanguage\":\"de\",\"potentialAction\":[{\"@type\":\"ReadAction\",\"target\":[\"https:\\\/\\\/www.etto.cz\\\/ohrev-latek\\\/ohrev-kapalin\\\/\"]}]},{\"@type\":\"ImageObject\",\"inLanguage\":\"de\",\"@id\":\"https:\\\/\\\/www.etto.cz\\\/ohrev-latek\\\/ohrev-kapalin\\\/#primaryimage\",\"url\":\"http:\\\/\\\/www.etto.cz\\\/wp-content\\\/uploads\\\/2018\\\/05\\\/pdf-e1527166728716.png\",\"contentUrl\":\"http:\\\/\\\/www.etto.cz\\\/wp-content\\\/uploads\\\/2018\\\/05\\\/pdf-e1527166728716.png\"},{\"@type\":\"BreadcrumbList\",\"@id\":\"https:\\\/\\\/www.etto.cz\\\/ohrev-latek\\\/ohrev-kapalin\\\/#breadcrumb\",\"itemListElement\":[{\"@type\":\"ListItem\",\"position\":1,\"name\":\"Dom\u016f\",\"item\":\"https:\\\/\\\/www.etto.cz\\\/\"},{\"@type\":\"ListItem\",\"position\":2,\"name\":\"Stofferw\u00e4rmung\",\"item\":\"https:\\\/\\\/www.etto.cz\\\/ohrev-latek\\\/\"},{\"@type\":\"ListItem\",\"position\":3,\"name\":\"Erw\u00e4rmung von Fl\u00fcssigkeiten\"}]},{\"@type\":\"WebSite\",\"@id\":\"https:\\\/\\\/www.etto.cz\\\/#website\",\"url\":\"https:\\\/\\\/www.etto.cz\\\/\",\"name\":\"ETTO\",\"description\":\"V\u00fdroba elektrick\u00fdch topn\u00fdch t\u011bles\",\"potentialAction\":[{\"@type\":\"SearchAction\",\"target\":{\"@type\":\"EntryPoint\",\"urlTemplate\":\"https:\\\/\\\/www.etto.cz\\\/?s={search_term_string}\"},\"query-input\":{\"@type\":\"PropertyValueSpecification\",\"valueRequired\":true,\"valueName\":\"search_term_string\"}}],\"inLanguage\":\"de\"}]}<\/script>\n<!-- \/ Yoast SEO plugin. -->","yoast_head_json":{"title":"Heizelemente f\u00fcr Fl\u00fcssigkeiten | ELEKTRON-ETTO","description":"Tauchsieder und Rohrheizelemente f\u00fcr Fl\u00fcssigkeitserw\u00e4rmung. Wasser, \u00d6l und Prozessfl\u00fcssigkeiten. Europ\u00e4ischer Hersteller ELEKTRON-ETTO.","robots":{"index":"index","follow":"follow","max-snippet":"max-snippet:-1","max-image-preview":"max-image-preview:large","max-video-preview":"max-video-preview:-1"},"canonical":"https:\/\/www.etto.cz\/de\/stofferwarmung\/erwarmung-von-flussigkeiten\/","og_locale":"de_DE","og_type":"article","og_title":"Heizelemente f\u00fcr Fl\u00fcssigkeiten | ELEKTRON-ETTO","og_description":"Tauchsieder und Rohrheizelemente f\u00fcr Fl\u00fcssigkeitserw\u00e4rmung. Wasser, \u00d6l und Prozessfl\u00fcssigkeiten. Europ\u00e4ischer Hersteller ELEKTRON-ETTO.","og_url":"https:\/\/www.etto.cz\/de\/stofferwarmung\/erwarmung-von-flussigkeiten\/","og_site_name":"ETTO","article_modified_time":"2025-06-10T07:38:10+00:00","og_image":[{"width":24,"height":24,"url":"https:\/\/www.etto.cz\/wp-content\/uploads\/2018\/05\/pdf-e1527166728716.png","type":"image\/png"}],"twitter_card":"summary_large_image","twitter_misc":{"Gesch\u00e4tzte Lesezeit":"2\u00a0Minuten"},"schema":{"@context":"https:\/\/schema.org","@graph":[{"@type":"WebPage","@id":"https:\/\/www.etto.cz\/ohrev-latek\/ohrev-kapalin\/","url":"https:\/\/www.etto.cz\/ohrev-latek\/ohrev-kapalin\/","name":"Heizelemente f\u00fcr Fl\u00fcssigkeiten | ELEKTRON-ETTO","isPartOf":{"@id":"https:\/\/www.etto.cz\/#website"},"primaryImageOfPage":{"@id":"https:\/\/www.etto.cz\/ohrev-latek\/ohrev-kapalin\/#primaryimage"},"image":{"@id":"https:\/\/www.etto.cz\/ohrev-latek\/ohrev-kapalin\/#primaryimage"},"thumbnailUrl":"http:\/\/www.etto.cz\/wp-content\/uploads\/2018\/05\/pdf-e1527166728716.png","datePublished":"2018-03-14T14:23:17+00:00","dateModified":"2025-06-10T07:38:10+00:00","description":"Tauchsieder und Rohrheizelemente f\u00fcr Fl\u00fcssigkeitserw\u00e4rmung. Wasser, \u00d6l und Prozessfl\u00fcssigkeiten. Europ\u00e4ischer Hersteller ELEKTRON-ETTO.","breadcrumb":{"@id":"https:\/\/www.etto.cz\/ohrev-latek\/ohrev-kapalin\/#breadcrumb"},"inLanguage":"de","potentialAction":[{"@type":"ReadAction","target":["https:\/\/www.etto.cz\/ohrev-latek\/ohrev-kapalin\/"]}]},{"@type":"ImageObject","inLanguage":"de","@id":"https:\/\/www.etto.cz\/ohrev-latek\/ohrev-kapalin\/#primaryimage","url":"http:\/\/www.etto.cz\/wp-content\/uploads\/2018\/05\/pdf-e1527166728716.png","contentUrl":"http:\/\/www.etto.cz\/wp-content\/uploads\/2018\/05\/pdf-e1527166728716.png"},{"@type":"BreadcrumbList","@id":"https:\/\/www.etto.cz\/ohrev-latek\/ohrev-kapalin\/#breadcrumb","itemListElement":[{"@type":"ListItem","position":1,"name":"Dom\u016f","item":"https:\/\/www.etto.cz\/"},{"@type":"ListItem","position":2,"name":"Stofferw\u00e4rmung","item":"https:\/\/www.etto.cz\/ohrev-latek\/"},{"@type":"ListItem","position":3,"name":"Erw\u00e4rmung von Fl\u00fcssigkeiten"}]},{"@type":"WebSite","@id":"https:\/\/www.etto.cz\/#website","url":"https:\/\/www.etto.cz\/","name":"ETTO","description":"V\u00fdroba elektrick\u00fdch topn\u00fdch t\u011bles","potentialAction":[{"@type":"SearchAction","target":{"@type":"EntryPoint","urlTemplate":"https:\/\/www.etto.cz\/?s={search_term_string}"},"query-input":{"@type":"PropertyValueSpecification","valueRequired":true,"valueName":"search_term_string"}}],"inLanguage":"de"}]}},"_links":{"self":[{"href":"https:\/\/www.etto.cz\/de\/wp-json\/wp\/v2\/pages\/2867","targetHints":{"allow":["GET"]}}],"collection":[{"href":"https:\/\/www.etto.cz\/de\/wp-json\/wp\/v2\/pages"}],"about":[{"href":"https:\/\/www.etto.cz\/de\/wp-json\/wp\/v2\/types\/page"}],"author":[{"embeddable":true,"href":"https:\/\/www.etto.cz\/de\/wp-json\/wp\/v2\/users\/1"}],"replies":[{"embeddable":true,"href":"https:\/\/www.etto.cz\/de\/wp-json\/wp\/v2\/comments?post=2867"}],"version-history":[{"count":4,"href":"https:\/\/www.etto.cz\/de\/wp-json\/wp\/v2\/pages\/2867\/revisions"}],"predecessor-version":[{"id":5660,"href":"https:\/\/www.etto.cz\/de\/wp-json\/wp\/v2\/pages\/2867\/revisions\/5660"}],"up":[{"embeddable":true,"href":"https:\/\/www.etto.cz\/de\/wp-json\/wp\/v2\/pages\/2865"}],"wp:attachment":[{"href":"https:\/\/www.etto.cz\/de\/wp-json\/wp\/v2\/media?parent=2867"}],"curies":[{"name":"wp","href":"https:\/\/api.w.org\/{rel}","templated":true}]}}