{"id":2883,"date":"2018-03-14T15:25:59","date_gmt":"2018-03-14T14:25:59","guid":{"rendered":"http:\/\/www.etto.cz\/produkte\/"},"modified":"2025-04-10T08:09:34","modified_gmt":"2025-04-10T07:09:34","slug":"produkte","status":"publish","type":"page","link":"https:\/\/www.etto.cz\/de\/produkte\/","title":{"rendered":"Produkte"},"content":{"rendered":"<div class=\"sub-menu\">            <a href=\"https:\/\/www.etto.cz\/de\/produkte\/heizpatronen\/\" class=\"subitem\">\n                <span class=\"img\">\n                    <img decoding=\"async\" src=\"https:\/\/www.etto.cz\/wp-content\/uploads\/2015\/05\/topne-patrony-153x153.jpg\" alt=\"Heizpatronen\" loading=\"lazy\" \/>\n                    <span><em>Heizpatronen<\/em><\/span>\n                <\/span>\n                <strong>Heizpatronen<\/strong>\n            <\/a>\n                        <a href=\"https:\/\/www.etto.cz\/de\/produkte\/rohrheizkorper\/\" class=\"subitem\">\n                <span class=\"img\">\n                    <img decoding=\"async\" src=\"https:\/\/www.etto.cz\/wp-content\/uploads\/2015\/05\/trubkova-topna-telesa-153x153.jpg\" alt=\"Rohrheizk\u00f6rper\" loading=\"lazy\" \/>\n                    <span><em>Rohrheizk\u00f6rper<\/em><\/span>\n                <\/span>\n                <strong>Rohrheizk\u00f6rper<\/strong>\n            <\/a>\n                        <a href=\"https:\/\/www.etto.cz\/de\/produkte\/flach-rohrheizkorper\/\" class=\"subitem\">\n                <span class=\"img\">\n                    <img decoding=\"async\" src=\"https:\/\/www.etto.cz\/wp-content\/uploads\/2016\/12\/maximka_b2-153x153.jpg\" alt=\"Flachrohrheizk\u00f6rper\" loading=\"lazy\" \/>\n                    <span><em>Flachrohrheizk\u00f6rper<\/em><\/span>\n                <\/span>\n                <strong>Flachrohrheizk\u00f6rper<\/strong>\n            <\/a>\n                        <a href=\"https:\/\/www.etto.cz\/de\/produkte\/heizbander-hulsen\/\" class=\"subitem\">\n                <span class=\"img\">\n                    <img decoding=\"async\" src=\"https:\/\/www.etto.cz\/wp-content\/uploads\/2016\/12\/topne_pasy-153x127.jpg\" alt=\"Heizb\u00e4nder (Hohlpatronen)\" loading=\"lazy\" \/>\n                    <span><em>Heizb\u00e4nder (Hohlpatronen)<\/em><\/span>\n                <\/span>\n                <strong>Heizb\u00e4nder (Hohlpatronen)<\/strong>\n            <\/a>\n                        <a href=\"https:\/\/www.etto.cz\/de\/korper-je-nach-zweck\/heizkorper-fur-das-auftauen-von-honig\/\" class=\"subitem\">\n                <span class=\"img\">\n                    <img decoding=\"async\" src=\"https:\/\/www.etto.cz\/wp-content\/uploads\/2016\/12\/tm1-153x135.jpg\" alt=\"Heizk\u00f6rper f\u00fcr das Auftauen von Honig\" loading=\"lazy\" \/>\n                    <span><em>Heizk\u00f6rper f\u00fcr das Auftauen von Honig<\/em><\/span>\n                <\/span>\n                <strong>Heizk\u00f6rper f\u00fcr das Auftauen von Honig<\/strong>\n            <\/a>\n                        <a href=\"https:\/\/www.etto.cz\/de\/stofferwarmung\/infrarot-erwarmung\/\" class=\"subitem\">\n                <span class=\"img\">\n                    <img decoding=\"async\" src=\"https:\/\/www.etto.cz\/wp-content\/uploads\/2020\/02\/infra_panel-153x153.png\" alt=\"Infraroterw\u00e4rmung\" loading=\"lazy\" \/>\n                    <span><em>Infraroterw\u00e4rmung<\/em><\/span>\n                <\/span>\n                <strong>Infraroterw\u00e4rmung<\/strong>\n            <\/a>\n                        <a href=\"https:\/\/www.etto.cz\/de\/produkte\/heizkorper-mit-geoffnetem-draht-keramische-heizkorper-glimmerheizkorper\/\" class=\"subitem\">\n                <span class=\"img\">\n                    <img decoding=\"async\" src=\"https:\/\/www.etto.cz\/wp-content\/uploads\/2016\/12\/spirala-3-153x124.jpg\" alt=\"Heizk\u00f6rper mit offenstehendem Draht (Keramikheizk\u00f6rper, Glimmerheizk\u00f6rper)\" loading=\"lazy\" \/>\n                    <span><em>Heizk\u00f6rper mit offenstehendem Draht (Keramikheizk\u00f6rper, Glimmerheizk\u00f6rper)<\/em><\/span>\n                <\/span>\n                <strong>Heizk\u00f6rper mit offenstehendem Draht (Keramikheizk\u00f6rper, Glimmerheizk\u00f6rper)<\/strong>\n            <\/a>\n                        <a href=\"https:\/\/www.etto.cz\/de\/korper-je-nach-zweck\/heizkorper-fur-industrieapplikationen\/\" class=\"subitem\">\n                <span class=\"img\">\n                    <img decoding=\"async\" src=\"https:\/\/www.etto.cz\/wp-content\/uploads\/2016\/12\/ohrev_vzduchu_potrubi-153x153.jpg\" alt=\"Heizk\u00f6rper f\u00fcr Industrieapplikationen\" loading=\"lazy\" \/>\n                    <span><em>Heizk\u00f6rper f\u00fcr Industrieapplikationen<\/em><\/span>\n                <\/span>\n                <strong>Heizk\u00f6rper f\u00fcr Industrieapplikationen<\/strong>\n            <\/a>\n                        <a href=\"https:\/\/www.etto.cz\/de\/korper-je-nach-zweck\/heizkorper-fur-badeheizkorper\/\" class=\"subitem\">\n                <span class=\"img\">\n                    <img decoding=\"async\" src=\"https:\/\/www.etto.cz\/wp-content\/uploads\/2016\/12\/z1-153x153.png\" alt=\"Heizk\u00f6rper f\u00fcr Radiatoren\" loading=\"lazy\" \/>\n                    <span><em>Heizk\u00f6rper f\u00fcr Radiatoren<\/em><\/span>\n                <\/span>\n                <strong>Heizk\u00f6rper f\u00fcr Radiatoren<\/strong>\n            <\/a>\n                        <a href=\"https:\/\/www.etto.cz\/de\/muster-aus-der-produktion\/\" class=\"subitem\">\n                <span class=\"img\">\n                    <img decoding=\"async\" src=\"https:\/\/www.etto.cz\/wp-content\/uploads\/2020\/02\/vyroba-153x153.jpg\" alt=\"Muster aus der Produktion\" loading=\"lazy\" \/>\n                    <span><em>Muster aus der Produktion<\/em><\/span>\n                <\/span>\n                <strong>Muster aus der Produktion<\/strong>\n            <\/a>\n                        <a href=\"https:\/\/www.etto.cz\/de\/korper-je-nach-zweck\/erwarmung-von-galvanischen-badern\/\" class=\"subitem\">\n                <span class=\"img\">\n                    <img decoding=\"async\" src=\"https:\/\/www.etto.cz\/wp-content\/uploads\/2025\/04\/popular_3kw-153x96.jpg\" alt=\"Erw\u00e4rmung von galvanischen B\u00e4dern\" loading=\"lazy\" \/>\n                    <span><em>Erw\u00e4rmung von galvanischen B\u00e4dern<\/em><\/span>\n                <\/span>\n                <strong>Erw\u00e4rmung von galvanischen B\u00e4dern<\/strong>\n            <\/a>\n            <\/div>\n","protected":false},"excerpt":{"rendered":"","protected":false},"author":1,"featured_media":0,"parent":0,"menu_order":0,"comment_status":"open","ping_status":"open","template":"_page-menu.php","meta":{"_acf_changed":false,"ngg_post_thumbnail":0,"footnotes":"","_links_to":"","_links_to_target":""},"class_list":["post-2883","page","type-page","status-publish","hentry"],"acf":[],"yoast_head":"<!-- This site is optimized with the Yoast SEO plugin v27.3 - https:\/\/yoast.com\/product\/yoast-seo-wordpress\/ -->\n<title>Elektrische Heizelemente - Produkte | ELEKTRON-ETTO<\/title>\n<meta name=\"description\" content=\"Gesamtes Sortiment elektrischer Heizelemente: Heizpatronen, Rohrheizelemente, Heizb\u00e4nder, Infrarotheizungen. Individuell gefertigt von ELEKTRON-ETTO.\" \/>\n<meta name=\"robots\" content=\"index, follow, max-snippet:-1, max-image-preview:large, max-video-preview:-1\" \/>\n<link rel=\"canonical\" href=\"https:\/\/www.etto.cz\/de\/korper-je-nach-zweck\/erwarmung-von-galvanischen-badern\/\" \/>\n<meta property=\"og:locale\" content=\"de_DE\" \/>\n<meta property=\"og:type\" content=\"article\" \/>\n<meta property=\"og:title\" content=\"Elektrische Heizelemente - Produkte | ELEKTRON-ETTO\" \/>\n<meta property=\"og:description\" content=\"Gesamtes Sortiment elektrischer Heizelemente: Heizpatronen, Rohrheizelemente, Heizb\u00e4nder, Infrarotheizungen. Individuell gefertigt von ELEKTRON-ETTO.\" \/>\n<meta property=\"og:url\" content=\"https:\/\/www.etto.cz\/de\/korper-je-nach-zweck\/erwarmung-von-galvanischen-badern\/\" \/>\n<meta property=\"og:site_name\" content=\"ETTO\" \/>\n<meta property=\"article:modified_time\" content=\"2025-04-10T07:09:34+00:00\" \/>\n<meta property=\"og:image\" content=\"https:\/\/www.etto.cz\/de\/wp-content\/gallery\/prumyslova-telesa\/teleso-kotel.jpg\" \/>\n<meta name=\"twitter:card\" content=\"summary_large_image\" \/>\n<script type=\"application\/ld+json\" class=\"yoast-schema-graph\">{\"@context\":\"https:\\\/\\\/schema.org\",\"@graph\":[{\"@type\":\"WebPage\",\"@id\":\"https:\\\/\\\/www.etto.cz\\\/elektricka-topna-telesa\\\/\",\"url\":\"https:\\\/\\\/www.etto.cz\\\/elektricka-topna-telesa\\\/\",\"name\":\"Elektrische Heizelemente - Produkte | ELEKTRON-ETTO\",\"isPartOf\":{\"@id\":\"https:\\\/\\\/www.etto.cz\\\/#website\"},\"datePublished\":\"2018-03-14T14:25:59+00:00\",\"dateModified\":\"2025-04-10T07:09:34+00:00\",\"description\":\"Gesamtes Sortiment elektrischer Heizelemente: Heizpatronen, Rohrheizelemente, Heizb\u00e4nder, Infrarotheizungen. Individuell gefertigt von ELEKTRON-ETTO.\",\"breadcrumb\":{\"@id\":\"https:\\\/\\\/www.etto.cz\\\/elektricka-topna-telesa\\\/#breadcrumb\"},\"inLanguage\":\"de\",\"potentialAction\":[{\"@type\":\"ReadAction\",\"target\":[\"https:\\\/\\\/www.etto.cz\\\/elektricka-topna-telesa\\\/\"]}]},{\"@type\":\"BreadcrumbList\",\"@id\":\"https:\\\/\\\/www.etto.cz\\\/elektricka-topna-telesa\\\/#breadcrumb\",\"itemListElement\":[{\"@type\":\"ListItem\",\"position\":1,\"name\":\"Dom\u016f\",\"item\":\"https:\\\/\\\/www.etto.cz\\\/\"},{\"@type\":\"ListItem\",\"position\":2,\"name\":\"Produkte\"}]},{\"@type\":\"WebSite\",\"@id\":\"https:\\\/\\\/www.etto.cz\\\/#website\",\"url\":\"https:\\\/\\\/www.etto.cz\\\/\",\"name\":\"ETTO\",\"description\":\"V\u00fdroba elektrick\u00fdch topn\u00fdch t\u011bles\",\"potentialAction\":[{\"@type\":\"SearchAction\",\"target\":{\"@type\":\"EntryPoint\",\"urlTemplate\":\"https:\\\/\\\/www.etto.cz\\\/?s={search_term_string}\"},\"query-input\":{\"@type\":\"PropertyValueSpecification\",\"valueRequired\":true,\"valueName\":\"search_term_string\"}}],\"inLanguage\":\"de\"}]}<\/script>\n<!-- \/ Yoast SEO plugin. -->","yoast_head_json":{"title":"Elektrische Heizelemente - Produkte | ELEKTRON-ETTO","description":"Gesamtes Sortiment elektrischer Heizelemente: Heizpatronen, Rohrheizelemente, Heizb\u00e4nder, Infrarotheizungen. Individuell gefertigt von ELEKTRON-ETTO.","robots":{"index":"index","follow":"follow","max-snippet":"max-snippet:-1","max-image-preview":"max-image-preview:large","max-video-preview":"max-video-preview:-1"},"canonical":"https:\/\/www.etto.cz\/de\/korper-je-nach-zweck\/erwarmung-von-galvanischen-badern\/","og_locale":"de_DE","og_type":"article","og_title":"Elektrische Heizelemente - Produkte | ELEKTRON-ETTO","og_description":"Gesamtes Sortiment elektrischer Heizelemente: Heizpatronen, Rohrheizelemente, Heizb\u00e4nder, Infrarotheizungen. Individuell gefertigt von ELEKTRON-ETTO.","og_url":"https:\/\/www.etto.cz\/de\/korper-je-nach-zweck\/erwarmung-von-galvanischen-badern\/","og_site_name":"ETTO","article_modified_time":"2025-04-10T07:09:34+00:00","og_image":[{"url":"https:\/\/www.etto.cz\/de\/wp-content\/gallery\/prumyslova-telesa\/teleso-kotel.jpg","type":"","width":"","height":""}],"twitter_card":"summary_large_image","schema":{"@context":"https:\/\/schema.org","@graph":[{"@type":"WebPage","@id":"https:\/\/www.etto.cz\/elektricka-topna-telesa\/","url":"https:\/\/www.etto.cz\/elektricka-topna-telesa\/","name":"Elektrische Heizelemente - Produkte | ELEKTRON-ETTO","isPartOf":{"@id":"https:\/\/www.etto.cz\/#website"},"datePublished":"2018-03-14T14:25:59+00:00","dateModified":"2025-04-10T07:09:34+00:00","description":"Gesamtes Sortiment elektrischer Heizelemente: Heizpatronen, Rohrheizelemente, Heizb\u00e4nder, Infrarotheizungen. Individuell gefertigt von ELEKTRON-ETTO.","breadcrumb":{"@id":"https:\/\/www.etto.cz\/elektricka-topna-telesa\/#breadcrumb"},"inLanguage":"de","potentialAction":[{"@type":"ReadAction","target":["https:\/\/www.etto.cz\/elektricka-topna-telesa\/"]}]},{"@type":"BreadcrumbList","@id":"https:\/\/www.etto.cz\/elektricka-topna-telesa\/#breadcrumb","itemListElement":[{"@type":"ListItem","position":1,"name":"Dom\u016f","item":"https:\/\/www.etto.cz\/"},{"@type":"ListItem","position":2,"name":"Produkte"}]},{"@type":"WebSite","@id":"https:\/\/www.etto.cz\/#website","url":"https:\/\/www.etto.cz\/","name":"ETTO","description":"V\u00fdroba elektrick\u00fdch topn\u00fdch t\u011bles","potentialAction":[{"@type":"SearchAction","target":{"@type":"EntryPoint","urlTemplate":"https:\/\/www.etto.cz\/?s={search_term_string}"},"query-input":{"@type":"PropertyValueSpecification","valueRequired":true,"valueName":"search_term_string"}}],"inLanguage":"de"}]}},"_links":{"self":[{"href":"https:\/\/www.etto.cz\/de\/wp-json\/wp\/v2\/pages\/2883","targetHints":{"allow":["GET"]}}],"collection":[{"href":"https:\/\/www.etto.cz\/de\/wp-json\/wp\/v2\/pages"}],"about":[{"href":"https:\/\/www.etto.cz\/de\/wp-json\/wp\/v2\/types\/page"}],"author":[{"embeddable":true,"href":"https:\/\/www.etto.cz\/de\/wp-json\/wp\/v2\/users\/1"}],"replies":[{"embeddable":true,"href":"https:\/\/www.etto.cz\/de\/wp-json\/wp\/v2\/comments?post=2883"}],"version-history":[{"count":4,"href":"https:\/\/www.etto.cz\/de\/wp-json\/wp\/v2\/pages\/2883\/revisions"}],"predecessor-version":[{"id":5523,"href":"https:\/\/www.etto.cz\/de\/wp-json\/wp\/v2\/pages\/2883\/revisions\/5523"}],"wp:attachment":[{"href":"https:\/\/www.etto.cz\/de\/wp-json\/wp\/v2\/media?parent=2883"}],"curies":[{"name":"wp","href":"https:\/\/api.w.org\/{rel}","templated":true}]}}