{"id":3828,"date":"2018-08-24T13:26:24","date_gmt":"2018-08-24T12:26:24","guid":{"rendered":"http:\/\/www.etto.cz\/o-spolecnosti\/"},"modified":"2019-01-25T09:27:20","modified_gmt":"2019-01-25T08:27:20","slug":"o-spolocnosti","status":"publish","type":"page","link":"https:\/\/www.etto.cz\/sk\/o-spolocnosti\/","title":{"rendered":"ELEKTRON-ETTO, s.r.o."},"content":{"rendered":"<h2><span title=\"\">Projektujeme<\/span> <span title=\"\">a<\/span> <span title=\"\">vyr\u00e1bame<\/span> <span tabindex=\"-1\" title=\"\" class=\"alt-edited\" contenteditable=\"false\">elektrick\u00e9 ohrevn\u00e9 teles\u00e1<\/span><span title=\"\">.<\/span> <span title=\"\">Prvotriedne materi\u00e1ly<\/span><span title=\"\">,<\/span> <span title=\"\">modern\u00e9 technol\u00f3gie<\/span><span title=\"\">,<\/span> <span title=\"\">\u013eudsk\u00fd<\/span> <span title=\"\">um<\/span><span title=\"\">.<\/span> <span title=\"\">.<\/span> <span title=\"\">.<\/span> <span title=\"\">Jednoduch\u00e9<\/span><span title=\"\">,<\/span> <span title=\"\">osved\u010den\u00e9<\/span><span title=\"\">,<\/span> <span title=\"\">u\u017eito\u010dn\u00e9<\/span><span title=\"\">.<\/span> <span title=\"\">.<\/span> <span title=\"\">.<\/span> <span title=\"\">To n\u00e1s<\/span> <span title=\"\">bav\u00ed<\/span><span title=\"\">!<\/span><\/h2>\n<p><img loading=\"lazy\" decoding=\"async\" width=\"840\" height=\"445\" class=\"alignnone wp-image-421 size-full\" alt=\"Untitled-2\" src=\"https:\/\/www.etto.cz\/wp-content\/uploads\/2015\/05\/untitled-2.jpg\" srcset=\"https:\/\/www.etto.cz\/wp-content\/uploads\/2015\/05\/untitled-2.jpg 840w, https:\/\/www.etto.cz\/wp-content\/uploads\/2015\/05\/untitled-2-300x159.jpg 300w, https:\/\/www.etto.cz\/wp-content\/uploads\/2015\/05\/untitled-2-153x81.jpg 153w, https:\/\/www.etto.cz\/wp-content\/uploads\/2015\/05\/untitled-2-253x134.jpg 253w\" sizes=\"auto, (max-width: 840px) 100vw, 840px\" \/><\/p>\n<p style=\"text-align: justify;\">&nbsp; &nbsp; &nbsp; &nbsp; Firma ELEKTRON-ETTO bola zalo\u017een\u00e1 v roku 1992 p\u00e1nom Ladislavom Drdou. U\u017e od svojho vzniku sa zaober\u00e1 v\u00fdrobou odporov\u00fdch telies. P\u00e1n Drda za\u010dal svoju podnikate\u013esk\u00fa \u010dinnos\u0165 v gar\u00e1\u017ei svojho rodinn\u00e9ho domu najsk\u00f4r s\u00e1m a n\u00e1sledne s jedn\u00fdm zamestnancom. V roku 1996 zak\u00fapil od obce objekt star\u00e9ho kina a upravil ho na v\u00fdrobu odporov\u00fdch telies. V roku 2003 bola firma transformovan\u00e1 na spolo\u010dnos\u0165 s ru\u010den\u00edm obmedzen\u00fdm s n\u00e1zvom ELEKTRON-ETTO, s.r.o.. Z d\u00f4vodu narastaj\u00facej v\u00fdroby bola v roku 2005 &#8211; 2006 pristaven\u00e1 nov\u00e1 v\u00fdrobn\u00e1 hala. V rokoch 2009 &#8211; 2014 bola cel\u00e1 star\u00e1 v\u00fdrobn\u00e1 \u010das\u0165 zrekon\u0161truovan\u00e1 a vybaven\u00e1 novou modernou v\u00fdrobnou technol\u00f3giou.<\/p>\n<p style=\"text-align: justify;\"><span style=\"text-decoration: underline;\">V na\u0161om v\u00fdrobnom programe s\u00fa:<\/span><\/p>\n<div class='content-column one_half'><ul>\n<li style=\"list-style-type: none;\">\n<ul>\n<li style=\"text-align: justify;\">R\u00farkov\u00e9 vyhrievacie teles\u00e1 pre priemyseln\u00e9 i dom\u00e1ce pou\u017eitie na ohrev kvapaln\u00fdch l\u00e1tok, vzduchu a plynov, kontaktn\u00e9 ohrev, nepriamy ohrev kvapal\u00edn<\/li>\n<li>Keramick\u00e1 vyhrievacie teles\u00e1 pre nepriamy ohrev a infra ohrev<\/li>\n<li>Vyhrievacie patr\u00f3ny vysoko aj n\u00edzko za\u0165a\u017een\u00e9 pre plastik\u00e1rsky a chemick\u00fd priemysel<\/li>\n<li>Vyhrievacie p\u00e1sy a obojky pre chemick\u00e9 a plastik\u00e1rsky priemysel<\/li>\n<li>Keramick\u00e9 v\u00fdhrevn\u00e9 p\u00e1sy pre chemick\u00fd a plastik\u00e1rsky priemysel<\/li>\n<\/ul>\n<\/li>\n<\/ul><\/div>\n<div class='content-column one_half last_column'><ul>\n<li style=\"list-style-type: none;\">\n<ul>\n<li style=\"text-align: justify;\">Tepeln\u00e1 \u010didl\u00e1 &#8211; termo\u010dl\u00e1nky pre regul\u00e1ciu teploty<\/li>\n<li>Vyhrievacie teles\u00e1, poistky a komponenty pre \u017eeleznice<\/li>\n<li>Su\u0161i\u010dky pracovn\u00e9 a \u0161portovej obuvi<\/li>\n<li>N\u00e1vrh a realiz\u00e1cia odporov\u00fdch priemyseln\u00fdch ohrevov<\/li>\n<li>Technick\u00e9 poradenstvo v ohrevu kvapaln\u00fdch, plynn\u00fdch a pevn\u00fdch l\u00e1tok<\/li>\n<\/ul>\n<\/li>\n<\/ul><\/div><div class='clear_column'><\/div>\n<p style=\"text-align: justify;\">&nbsp; &nbsp; &nbsp; &nbsp;Od roku 2018 sme v\u00fdhradn\u00fdm dod\u00e1vate\u013eom <a href=\"https:\/\/www.etto.cz\/sk\/telesa-podla-ucelu\/technologie-horuceho-vzduchu-serpentine\/\"> Technol\u00f3gia hor\u00faceho vzduchu SERPENTINE\u2122<\/a> pre \u010cesk\u00fa Republiku a Slovensko. Jedn\u00e1 sa o exkluz\u00edvnu technol\u00f3giu s \u0161irok\u00fdm uplatnen\u00edm v procesoch priemyseln\u00e9ho ohrevu vzduchu.<br \/>\nTechnol\u00f3gia SERPENTINE\u2122&nbsp; bola p\u00f4vodne vyvinut\u00e1 v sekcii spolo\u010dnosti Osram, ktor\u00e1 teraz spad\u00e1 pod Tutco SureHeat skupiny TUTCO Heating Goup v USA.<\/p>\n<p style=\"text-align: justify;\">V pr\u00edpade potreby nev\u00e1hajte a zavolajte n\u00e1m alebo nap\u00ed\u0161te, radi v\u00e1m porad\u00edme a pom\u00f4\u017eeme n\u00e1js\u0165 rie\u0161enie v oblasti ohrevu v\u0161etk\u00fdch typov l\u00e1tok.<\/p>\n","protected":false},"excerpt":{"rendered":"<p>Projektujeme a vyr\u00e1bame elektrick\u00e9 ohrevn\u00e9 teles\u00e1. Prvotriedne materi\u00e1ly, modern\u00e9 technol\u00f3gie, \u013eudsk\u00fd um. . . Jednoduch\u00e9, osved\u010den\u00e9, u\u017eito\u010dn\u00e9. . . To n\u00e1s bav\u00ed! &nbsp; &nbsp; &nbsp; &#8230;<\/p>\n","protected":false},"author":1,"featured_media":0,"parent":0,"menu_order":0,"comment_status":"closed","ping_status":"open","template":"_page-full.php","meta":{"_acf_changed":false,"ngg_post_thumbnail":0,"footnotes":"","_links_to":"","_links_to_target":""},"class_list":["post-3828","page","type-page","status-publish","hentry"],"acf":[],"yoast_head":"<!-- This site is optimized with the Yoast SEO plugin v27.3 - https:\/\/yoast.com\/product\/yoast-seo-wordpress\/ -->\n<title>O spolo\u010dnosti ELEKTRON-ETTO | V\u00fdrobca vyhrievac\u00edch telies<\/title>\n<meta name=\"description\" content=\"ELEKTRON-ETTO je v\u00fdrobca elektrick\u00fdch odporov\u00fdch vyhrievac\u00edch telies. Desiatky rokov sk\u00fasenost\u00ed s n\u00e1vrhom a v\u00fdrobou na mieru.\" \/>\n<meta name=\"robots\" content=\"index, follow, max-snippet:-1, max-image-preview:large, max-video-preview:-1\" \/>\n<link rel=\"canonical\" href=\"https:\/\/www.etto.cz\/sk\/o-spolocnosti\/\" \/>\n<meta property=\"og:locale\" content=\"sk_SK\" \/>\n<meta property=\"og:type\" content=\"article\" \/>\n<meta property=\"og:title\" content=\"O spolo\u010dnosti ELEKTRON-ETTO | V\u00fdrobca vyhrievac\u00edch telies\" \/>\n<meta property=\"og:description\" content=\"ELEKTRON-ETTO je v\u00fdrobca elektrick\u00fdch odporov\u00fdch vyhrievac\u00edch telies. Desiatky rokov sk\u00fasenost\u00ed s n\u00e1vrhom a v\u00fdrobou na mieru.\" \/>\n<meta property=\"og:url\" content=\"https:\/\/www.etto.cz\/sk\/o-spolocnosti\/\" \/>\n<meta property=\"og:site_name\" content=\"ETTO\" \/>\n<meta property=\"article:modified_time\" content=\"2019-01-25T08:27:20+00:00\" \/>\n<meta property=\"og:image\" content=\"https:\/\/www.etto.cz\/wp-content\/uploads\/2015\/05\/untitled-2.jpg\" \/>\n\t<meta property=\"og:image:width\" content=\"840\" \/>\n\t<meta property=\"og:image:height\" content=\"445\" \/>\n\t<meta property=\"og:image:type\" content=\"image\/jpeg\" \/>\n<meta name=\"twitter:card\" content=\"summary_large_image\" \/>\n<meta name=\"twitter:label1\" content=\"Predpokladan\u00fd \u010das \u010d\u00edtania\" \/>\n\t<meta name=\"twitter:data1\" content=\"2 min\u00faty\" \/>\n<script type=\"application\/ld+json\" class=\"yoast-schema-graph\">{\"@context\":\"https:\\\/\\\/schema.org\",\"@graph\":[{\"@type\":\"WebPage\",\"@id\":\"https:\\\/\\\/www.etto.cz\\\/o-spolecnosti\\\/\",\"url\":\"https:\\\/\\\/www.etto.cz\\\/o-spolecnosti\\\/\",\"name\":\"O spolo\u010dnosti ELEKTRON-ETTO | V\u00fdrobca vyhrievac\u00edch telies\",\"isPartOf\":{\"@id\":\"https:\\\/\\\/www.etto.cz\\\/#website\"},\"primaryImageOfPage\":{\"@id\":\"https:\\\/\\\/www.etto.cz\\\/o-spolecnosti\\\/#primaryimage\"},\"image\":{\"@id\":\"https:\\\/\\\/www.etto.cz\\\/o-spolecnosti\\\/#primaryimage\"},\"thumbnailUrl\":\"https:\\\/\\\/www.etto.cz\\\/wp-content\\\/uploads\\\/2015\\\/05\\\/untitled-2.jpg\",\"datePublished\":\"2018-08-24T12:26:24+00:00\",\"dateModified\":\"2019-01-25T08:27:20+00:00\",\"description\":\"ELEKTRON-ETTO je v\u00fdrobca elektrick\u00fdch odporov\u00fdch vyhrievac\u00edch telies. Desiatky rokov sk\u00fasenost\u00ed s n\u00e1vrhom a v\u00fdrobou na mieru.\",\"breadcrumb\":{\"@id\":\"https:\\\/\\\/www.etto.cz\\\/o-spolecnosti\\\/#breadcrumb\"},\"inLanguage\":\"sk-SK\",\"potentialAction\":[{\"@type\":\"ReadAction\",\"target\":[\"https:\\\/\\\/www.etto.cz\\\/o-spolecnosti\\\/\"]}]},{\"@type\":\"ImageObject\",\"inLanguage\":\"sk-SK\",\"@id\":\"https:\\\/\\\/www.etto.cz\\\/o-spolecnosti\\\/#primaryimage\",\"url\":\"https:\\\/\\\/www.etto.cz\\\/wp-content\\\/uploads\\\/2015\\\/05\\\/untitled-2.jpg\",\"contentUrl\":\"https:\\\/\\\/www.etto.cz\\\/wp-content\\\/uploads\\\/2015\\\/05\\\/untitled-2.jpg\"},{\"@type\":\"BreadcrumbList\",\"@id\":\"https:\\\/\\\/www.etto.cz\\\/o-spolecnosti\\\/#breadcrumb\",\"itemListElement\":[{\"@type\":\"ListItem\",\"position\":1,\"name\":\"Dom\u016f\",\"item\":\"https:\\\/\\\/www.etto.cz\\\/\"},{\"@type\":\"ListItem\",\"position\":2,\"name\":\"ELEKTRON-ETTO, s.r.o.\"}]},{\"@type\":\"WebSite\",\"@id\":\"https:\\\/\\\/www.etto.cz\\\/#website\",\"url\":\"https:\\\/\\\/www.etto.cz\\\/\",\"name\":\"ETTO\",\"description\":\"V\u00fdroba elektrick\u00fdch topn\u00fdch t\u011bles\",\"potentialAction\":[{\"@type\":\"SearchAction\",\"target\":{\"@type\":\"EntryPoint\",\"urlTemplate\":\"https:\\\/\\\/www.etto.cz\\\/?s={search_term_string}\"},\"query-input\":{\"@type\":\"PropertyValueSpecification\",\"valueRequired\":true,\"valueName\":\"search_term_string\"}}],\"inLanguage\":\"sk-SK\"}]}<\/script>\n<!-- \/ Yoast SEO plugin. -->","yoast_head_json":{"title":"O spolo\u010dnosti ELEKTRON-ETTO | V\u00fdrobca vyhrievac\u00edch telies","description":"ELEKTRON-ETTO je v\u00fdrobca elektrick\u00fdch odporov\u00fdch vyhrievac\u00edch telies. Desiatky rokov sk\u00fasenost\u00ed s n\u00e1vrhom a v\u00fdrobou na mieru.","robots":{"index":"index","follow":"follow","max-snippet":"max-snippet:-1","max-image-preview":"max-image-preview:large","max-video-preview":"max-video-preview:-1"},"canonical":"https:\/\/www.etto.cz\/sk\/o-spolocnosti\/","og_locale":"sk_SK","og_type":"article","og_title":"O spolo\u010dnosti ELEKTRON-ETTO | V\u00fdrobca vyhrievac\u00edch telies","og_description":"ELEKTRON-ETTO je v\u00fdrobca elektrick\u00fdch odporov\u00fdch vyhrievac\u00edch telies. Desiatky rokov sk\u00fasenost\u00ed s n\u00e1vrhom a v\u00fdrobou na mieru.","og_url":"https:\/\/www.etto.cz\/sk\/o-spolocnosti\/","og_site_name":"ETTO","article_modified_time":"2019-01-25T08:27:20+00:00","og_image":[{"width":840,"height":445,"url":"https:\/\/www.etto.cz\/wp-content\/uploads\/2015\/05\/untitled-2.jpg","type":"image\/jpeg"}],"twitter_card":"summary_large_image","twitter_misc":{"Predpokladan\u00fd \u010das \u010d\u00edtania":"2 min\u00faty"},"schema":{"@context":"https:\/\/schema.org","@graph":[{"@type":"WebPage","@id":"https:\/\/www.etto.cz\/o-spolecnosti\/","url":"https:\/\/www.etto.cz\/o-spolecnosti\/","name":"O spolo\u010dnosti ELEKTRON-ETTO | V\u00fdrobca vyhrievac\u00edch telies","isPartOf":{"@id":"https:\/\/www.etto.cz\/#website"},"primaryImageOfPage":{"@id":"https:\/\/www.etto.cz\/o-spolecnosti\/#primaryimage"},"image":{"@id":"https:\/\/www.etto.cz\/o-spolecnosti\/#primaryimage"},"thumbnailUrl":"https:\/\/www.etto.cz\/wp-content\/uploads\/2015\/05\/untitled-2.jpg","datePublished":"2018-08-24T12:26:24+00:00","dateModified":"2019-01-25T08:27:20+00:00","description":"ELEKTRON-ETTO je v\u00fdrobca elektrick\u00fdch odporov\u00fdch vyhrievac\u00edch telies. Desiatky rokov sk\u00fasenost\u00ed s n\u00e1vrhom a v\u00fdrobou na mieru.","breadcrumb":{"@id":"https:\/\/www.etto.cz\/o-spolecnosti\/#breadcrumb"},"inLanguage":"sk-SK","potentialAction":[{"@type":"ReadAction","target":["https:\/\/www.etto.cz\/o-spolecnosti\/"]}]},{"@type":"ImageObject","inLanguage":"sk-SK","@id":"https:\/\/www.etto.cz\/o-spolecnosti\/#primaryimage","url":"https:\/\/www.etto.cz\/wp-content\/uploads\/2015\/05\/untitled-2.jpg","contentUrl":"https:\/\/www.etto.cz\/wp-content\/uploads\/2015\/05\/untitled-2.jpg"},{"@type":"BreadcrumbList","@id":"https:\/\/www.etto.cz\/o-spolecnosti\/#breadcrumb","itemListElement":[{"@type":"ListItem","position":1,"name":"Dom\u016f","item":"https:\/\/www.etto.cz\/"},{"@type":"ListItem","position":2,"name":"ELEKTRON-ETTO, s.r.o."}]},{"@type":"WebSite","@id":"https:\/\/www.etto.cz\/#website","url":"https:\/\/www.etto.cz\/","name":"ETTO","description":"V\u00fdroba elektrick\u00fdch topn\u00fdch t\u011bles","potentialAction":[{"@type":"SearchAction","target":{"@type":"EntryPoint","urlTemplate":"https:\/\/www.etto.cz\/?s={search_term_string}"},"query-input":{"@type":"PropertyValueSpecification","valueRequired":true,"valueName":"search_term_string"}}],"inLanguage":"sk-SK"}]}},"_links":{"self":[{"href":"https:\/\/www.etto.cz\/sk\/wp-json\/wp\/v2\/pages\/3828","targetHints":{"allow":["GET"]}}],"collection":[{"href":"https:\/\/www.etto.cz\/sk\/wp-json\/wp\/v2\/pages"}],"about":[{"href":"https:\/\/www.etto.cz\/sk\/wp-json\/wp\/v2\/types\/page"}],"author":[{"embeddable":true,"href":"https:\/\/www.etto.cz\/sk\/wp-json\/wp\/v2\/users\/1"}],"replies":[{"embeddable":true,"href":"https:\/\/www.etto.cz\/sk\/wp-json\/wp\/v2\/comments?post=3828"}],"version-history":[{"count":0,"href":"https:\/\/www.etto.cz\/sk\/wp-json\/wp\/v2\/pages\/3828\/revisions"}],"wp:attachment":[{"href":"https:\/\/www.etto.cz\/sk\/wp-json\/wp\/v2\/media?parent=3828"}],"curies":[{"name":"wp","href":"https:\/\/api.w.org\/{rel}","templated":true}]}}