{"id":3842,"date":"2018-08-24T13:33:21","date_gmt":"2018-08-24T12:33:21","guid":{"rendered":"http:\/\/www.etto.cz\/kontaktni-ohrev-pevnych-latek\/"},"modified":"2020-04-27T10:27:27","modified_gmt":"2020-04-27T09:27:27","slug":"kontaktny-ohrev-pevnych-latok","status":"publish","type":"page","link":"https:\/\/www.etto.cz\/sk\/ohrev-latok\/kontaktny-ohrev-pevnych-latok\/","title":{"rendered":"Kontaktn\u00fd ohrev pevn\u00fdch l\u00e1tok"},"content":{"rendered":"<p><strong>Inform\u00e1cie potrebn\u00e9 pre stanovenie pr\u00edkonu vyhrievac\u00edch telies ku kontaktn\u00e9mu ohrevov pevn\u00fdch l\u00e1tok:<\/strong><\/p>\n<ul>\n<li style=\"text-align: justify;\">\u0160pecifik\u00e1cie ohrievan\u00e9ho materi\u00e1lu vr\u00e1tane jeho povrchu (leskl\u00fd, \u010dernen\u00fd pod.).<\/li>\n<li style=\"text-align: justify;\">Hmotnos\u0165, tvar a umiestnenie materi\u00e1lu.<\/li>\n<li style=\"text-align: justify;\">Po\u010diato\u010dn\u00e1 a cie\u013eov\u00e1 teplota.<\/li>\n<li style=\"text-align: justify;\">Po\u017eadovan\u00fd \u010das ohrevu.<\/li>\n<li style=\"text-align: justify;\">Inform\u00e1cie o teplote okolia pr\u00edpadne o sp\u00f4sobe zaizolovanie.<\/li>\n<\/ul>\n<p style=\"text-align: justify;\"><strong>Pre n\u00e1vrh konkr\u00e9tneho rie\u0161enia, tj. Pre vo\u013ebu typu vyhrievacieho telesa, tvaru a rozmeru je potrebn\u00e9 definova\u0165:<\/strong><\/p>\n<ul>\n<li style=\"text-align: justify;\">Rozmery a tvar ohrievan\u00e9ho dielu, miesto a priestor ur\u010den\u00fd pre elektrick\u00e9 zakon\u010denie (v\u00fdvody).<\/li>\n<li style=\"text-align: justify;\">Prostredie a obmedzuj\u00face faktory v mieste elektrick\u00e9ho ukon\u010denie (napr. Vibr\u00e1cie, pohyb dielu, vlhkos\u0165, ohyb v\u00fdvodov v mieste v\u00fdstupu z dielu, riziko mechanick\u00e9ho po\u0161kodenia, riziko kontamin\u00e1cie olejom alebo inou kvapalinou, v\u00fdbu\u0161nos\u0165 prostredia at\u010f.)<\/li>\n<li style=\"text-align: justify;\">Predpokladan\u00fd sp\u00f4sob regul\u00e1cie teploty.<\/li>\n<\/ul>\n<p>Pro v\u00edce informac\u00ed nebo pomoc p\u0159i \u0159e\u0161en\u00ed konkr\u00e9tn\u00edch topn\u00fdch situac\u00ed n\u00e1s kontaktujte.<\/p>\n","protected":false},"excerpt":{"rendered":"<p>Inform\u00e1cie potrebn\u00e9 pre stanovenie pr\u00edkonu vyhrievac\u00edch telies ku kontaktn\u00e9mu ohrevov pevn\u00fdch l\u00e1tok: \u0160pecifik\u00e1cie ohrievan\u00e9ho materi\u00e1lu vr\u00e1tane jeho povrchu (leskl\u00fd, \u010dernen\u00fd pod.). Hmotnos\u0165, tvar a umiestnenie &#8230;<\/p>\n","protected":false},"author":1,"featured_media":0,"parent":3845,"menu_order":0,"comment_status":"open","ping_status":"open","template":"_page-menu.php","meta":{"_acf_changed":false,"ngg_post_thumbnail":0,"footnotes":"","_links_to":"","_links_to_target":""},"class_list":["post-3842","page","type-page","status-publish","hentry"],"acf":[],"yoast_head":"<!-- This site is optimized with the Yoast SEO plugin v27.3 - https:\/\/yoast.com\/product\/yoast-seo-wordpress\/ -->\n<title>Kontaktn\u00fd ohrev pevn\u00fdch l\u00e1tok | ELEKTRON-ETTO<\/title>\n<meta name=\"description\" content=\"Vyhrievacie teles\u00e1 pre kontaktn\u00fd ohrev pevn\u00fdch l\u00e1tok. Patr\u00f3ny, p\u00e1sy a ploch\u00e9 teles\u00e1 pre formy a n\u00e1stroje. ELEKTRON-ETTO.\" \/>\n<meta name=\"robots\" content=\"index, follow, max-snippet:-1, max-image-preview:large, max-video-preview:-1\" \/>\n<link rel=\"canonical\" href=\"https:\/\/www.etto.cz\/sk\/ohrev-latok\/kontaktny-ohrev-pevnych-latok\/\" \/>\n<meta property=\"og:locale\" content=\"sk_SK\" \/>\n<meta property=\"og:type\" content=\"article\" \/>\n<meta property=\"og:title\" content=\"Kontaktn\u00fd ohrev pevn\u00fdch l\u00e1tok | ELEKTRON-ETTO\" \/>\n<meta property=\"og:description\" content=\"Vyhrievacie teles\u00e1 pre kontaktn\u00fd ohrev pevn\u00fdch l\u00e1tok. Patr\u00f3ny, p\u00e1sy a ploch\u00e9 teles\u00e1 pre formy a n\u00e1stroje. ELEKTRON-ETTO.\" \/>\n<meta property=\"og:url\" content=\"https:\/\/www.etto.cz\/sk\/ohrev-latok\/kontaktny-ohrev-pevnych-latok\/\" \/>\n<meta property=\"og:site_name\" content=\"ETTO\" \/>\n<meta property=\"article:modified_time\" content=\"2020-04-27T09:27:27+00:00\" \/>\n<meta property=\"og:image\" content=\"https:\/\/www.etto.cz\/sk\/wp-content\/gallery\/prumyslova-telesa\/teleso-kotel.jpg\" \/>\n<meta name=\"twitter:card\" content=\"summary_large_image\" \/>\n<meta name=\"twitter:label1\" content=\"Predpokladan\u00fd \u010das \u010d\u00edtania\" \/>\n\t<meta name=\"twitter:data1\" content=\"1 min\u00fata\" \/>\n<script type=\"application\/ld+json\" class=\"yoast-schema-graph\">{\"@context\":\"https:\\\/\\\/schema.org\",\"@graph\":[{\"@type\":\"WebPage\",\"@id\":\"https:\\\/\\\/www.etto.cz\\\/ohrev-latek\\\/kontaktni-ohrev-pevnych-latek\\\/\",\"url\":\"https:\\\/\\\/www.etto.cz\\\/ohrev-latek\\\/kontaktni-ohrev-pevnych-latek\\\/\",\"name\":\"Kontaktn\u00fd ohrev pevn\u00fdch l\u00e1tok | ELEKTRON-ETTO\",\"isPartOf\":{\"@id\":\"https:\\\/\\\/www.etto.cz\\\/#website\"},\"datePublished\":\"2018-08-24T12:33:21+00:00\",\"dateModified\":\"2020-04-27T09:27:27+00:00\",\"description\":\"Vyhrievacie teles\u00e1 pre kontaktn\u00fd ohrev pevn\u00fdch l\u00e1tok. Patr\u00f3ny, p\u00e1sy a ploch\u00e9 teles\u00e1 pre formy a n\u00e1stroje. ELEKTRON-ETTO.\",\"breadcrumb\":{\"@id\":\"https:\\\/\\\/www.etto.cz\\\/ohrev-latek\\\/kontaktni-ohrev-pevnych-latek\\\/#breadcrumb\"},\"inLanguage\":\"sk-SK\",\"potentialAction\":[{\"@type\":\"ReadAction\",\"target\":[\"https:\\\/\\\/www.etto.cz\\\/ohrev-latek\\\/kontaktni-ohrev-pevnych-latek\\\/\"]}]},{\"@type\":\"BreadcrumbList\",\"@id\":\"https:\\\/\\\/www.etto.cz\\\/ohrev-latek\\\/kontaktni-ohrev-pevnych-latek\\\/#breadcrumb\",\"itemListElement\":[{\"@type\":\"ListItem\",\"position\":1,\"name\":\"Dom\u016f\",\"item\":\"https:\\\/\\\/www.etto.cz\\\/\"},{\"@type\":\"ListItem\",\"position\":2,\"name\":\"ohrev l\u00e1tok\",\"item\":\"https:\\\/\\\/www.etto.cz\\\/ohrev-latek\\\/\"},{\"@type\":\"ListItem\",\"position\":3,\"name\":\"Kontaktn\u00fd ohrev pevn\u00fdch l\u00e1tok\"}]},{\"@type\":\"WebSite\",\"@id\":\"https:\\\/\\\/www.etto.cz\\\/#website\",\"url\":\"https:\\\/\\\/www.etto.cz\\\/\",\"name\":\"ETTO\",\"description\":\"V\u00fdroba elektrick\u00fdch topn\u00fdch t\u011bles\",\"potentialAction\":[{\"@type\":\"SearchAction\",\"target\":{\"@type\":\"EntryPoint\",\"urlTemplate\":\"https:\\\/\\\/www.etto.cz\\\/?s={search_term_string}\"},\"query-input\":{\"@type\":\"PropertyValueSpecification\",\"valueRequired\":true,\"valueName\":\"search_term_string\"}}],\"inLanguage\":\"sk-SK\"}]}<\/script>\n<!-- \/ Yoast SEO plugin. -->","yoast_head_json":{"title":"Kontaktn\u00fd ohrev pevn\u00fdch l\u00e1tok | ELEKTRON-ETTO","description":"Vyhrievacie teles\u00e1 pre kontaktn\u00fd ohrev pevn\u00fdch l\u00e1tok. Patr\u00f3ny, p\u00e1sy a ploch\u00e9 teles\u00e1 pre formy a n\u00e1stroje. ELEKTRON-ETTO.","robots":{"index":"index","follow":"follow","max-snippet":"max-snippet:-1","max-image-preview":"max-image-preview:large","max-video-preview":"max-video-preview:-1"},"canonical":"https:\/\/www.etto.cz\/sk\/ohrev-latok\/kontaktny-ohrev-pevnych-latok\/","og_locale":"sk_SK","og_type":"article","og_title":"Kontaktn\u00fd ohrev pevn\u00fdch l\u00e1tok | ELEKTRON-ETTO","og_description":"Vyhrievacie teles\u00e1 pre kontaktn\u00fd ohrev pevn\u00fdch l\u00e1tok. Patr\u00f3ny, p\u00e1sy a ploch\u00e9 teles\u00e1 pre formy a n\u00e1stroje. ELEKTRON-ETTO.","og_url":"https:\/\/www.etto.cz\/sk\/ohrev-latok\/kontaktny-ohrev-pevnych-latok\/","og_site_name":"ETTO","article_modified_time":"2020-04-27T09:27:27+00:00","og_image":[{"url":"https:\/\/www.etto.cz\/sk\/wp-content\/gallery\/prumyslova-telesa\/teleso-kotel.jpg","type":"","width":"","height":""}],"twitter_card":"summary_large_image","twitter_misc":{"Predpokladan\u00fd \u010das \u010d\u00edtania":"1 min\u00fata"},"schema":{"@context":"https:\/\/schema.org","@graph":[{"@type":"WebPage","@id":"https:\/\/www.etto.cz\/ohrev-latek\/kontaktni-ohrev-pevnych-latek\/","url":"https:\/\/www.etto.cz\/ohrev-latek\/kontaktni-ohrev-pevnych-latek\/","name":"Kontaktn\u00fd ohrev pevn\u00fdch l\u00e1tok | ELEKTRON-ETTO","isPartOf":{"@id":"https:\/\/www.etto.cz\/#website"},"datePublished":"2018-08-24T12:33:21+00:00","dateModified":"2020-04-27T09:27:27+00:00","description":"Vyhrievacie teles\u00e1 pre kontaktn\u00fd ohrev pevn\u00fdch l\u00e1tok. Patr\u00f3ny, p\u00e1sy a ploch\u00e9 teles\u00e1 pre formy a n\u00e1stroje. ELEKTRON-ETTO.","breadcrumb":{"@id":"https:\/\/www.etto.cz\/ohrev-latek\/kontaktni-ohrev-pevnych-latek\/#breadcrumb"},"inLanguage":"sk-SK","potentialAction":[{"@type":"ReadAction","target":["https:\/\/www.etto.cz\/ohrev-latek\/kontaktni-ohrev-pevnych-latek\/"]}]},{"@type":"BreadcrumbList","@id":"https:\/\/www.etto.cz\/ohrev-latek\/kontaktni-ohrev-pevnych-latek\/#breadcrumb","itemListElement":[{"@type":"ListItem","position":1,"name":"Dom\u016f","item":"https:\/\/www.etto.cz\/"},{"@type":"ListItem","position":2,"name":"ohrev l\u00e1tok","item":"https:\/\/www.etto.cz\/ohrev-latek\/"},{"@type":"ListItem","position":3,"name":"Kontaktn\u00fd ohrev pevn\u00fdch l\u00e1tok"}]},{"@type":"WebSite","@id":"https:\/\/www.etto.cz\/#website","url":"https:\/\/www.etto.cz\/","name":"ETTO","description":"V\u00fdroba elektrick\u00fdch topn\u00fdch t\u011bles","potentialAction":[{"@type":"SearchAction","target":{"@type":"EntryPoint","urlTemplate":"https:\/\/www.etto.cz\/?s={search_term_string}"},"query-input":{"@type":"PropertyValueSpecification","valueRequired":true,"valueName":"search_term_string"}}],"inLanguage":"sk-SK"}]}},"_links":{"self":[{"href":"https:\/\/www.etto.cz\/sk\/wp-json\/wp\/v2\/pages\/3842","targetHints":{"allow":["GET"]}}],"collection":[{"href":"https:\/\/www.etto.cz\/sk\/wp-json\/wp\/v2\/pages"}],"about":[{"href":"https:\/\/www.etto.cz\/sk\/wp-json\/wp\/v2\/types\/page"}],"author":[{"embeddable":true,"href":"https:\/\/www.etto.cz\/sk\/wp-json\/wp\/v2\/users\/1"}],"replies":[{"embeddable":true,"href":"https:\/\/www.etto.cz\/sk\/wp-json\/wp\/v2\/comments?post=3842"}],"version-history":[{"count":5,"href":"https:\/\/www.etto.cz\/sk\/wp-json\/wp\/v2\/pages\/3842\/revisions"}],"predecessor-version":[{"id":4861,"href":"https:\/\/www.etto.cz\/sk\/wp-json\/wp\/v2\/pages\/3842\/revisions\/4861"}],"up":[{"embeddable":true,"href":"https:\/\/www.etto.cz\/sk\/wp-json\/wp\/v2\/pages\/3845"}],"wp:attachment":[{"href":"https:\/\/www.etto.cz\/sk\/wp-json\/wp\/v2\/media?parent=3842"}],"curies":[{"name":"wp","href":"https:\/\/api.w.org\/{rel}","templated":true}]}}